{"id":17396,"date":"2023-12-27T14:09:17","date_gmt":"2023-12-27T07:09:17","guid":{"rendered":"https:\/\/tannhathuong.com\/return-and-exchange-policy\/"},"modified":"2023-12-27T14:09:17","modified_gmt":"2023-12-27T07:09:17","slug":"return-and-exchange-policy","status":"publish","type":"page","link":"https:\/\/tannhathuong.com\/en\/return-and-exchange-policy\/","title":{"rendered":"Return and Exchange Policy"},"content":{"rendered":"<p>L\u01b0u \u00fd: Ch\u00ednh s\u00e1ch n\u00e0y kh\u00f4ng \u00e1p d\u1ee5ng cho m\u1ed9t s\u1ed1 nh\u00f3m s\u1ea3n ph\u1ea9m theo quy \u0111\u1ecbnh tr\u1ef1c ti\u1ebfp t\u1eeb si\u00eau th\u1ecb: + H\u00e0ng nguy\u00ean li\u1ec7u l\u1ea1nh (kem, b\u01a1, whipping,\u2026) + H\u00e0ng khuy\u1ebfn m\u00e3i + M\u1ed9t s\u1ed1 h\u00e0ng h\u00f3a theo danh m\u1ee5c c\u1eadp nh\u1eadt t\u1eeb si\u00eau th\u1ecb<\/p>\n<p><strong>1. \u0110\u00f4\u0301i v\u01a1\u0301i Quy\u0301 kha\u0301ch ha\u0300ng ta\u0323i khu v\u01b0\u0323c TP.HCM<\/strong><\/p>\n<p>\u0110\u1ebfn tr\u1ef1c ti\u1ebfp t\u1ea1i 3 chi nh\u00e1nh L\u01b0u \u00fd: Qu\u00fd kh\u00e1ch h\u00e0ng mua h\u00e0ng t\u1ea1i si\u00eau th\u1ecb n\u00e0o vui l\u00f2ng \u0111\u1ebfn c\u00f9ng si\u00eau th\u1ecb \u0111\u00e3 mua \u0111\u1ec3 \u0111\u01b0\u1ee3c h\u1ed7 tr\u1ee3 \u0111\u1ed5i\/tr\u1ea3.<\/p>\n<p><strong>2. \u0110\u00f4\u0301i v\u01a1\u0301i Quy\u0301 kha\u0301ch ha\u0300ng ta\u0323i khu v\u01b0\u0323c H\u00e0 N\u1ed9i<\/strong><\/p>\n<p>\u0110\u1ebfn tr\u1ef1c ti\u1ebfp 3 chi nh\u00e1nh: L\u01b0u \u00fd: Qu\u00fd kh\u00e1ch mua h\u00e0ng t\u1ea1i si\u00eau th\u1ecb n\u00e0o vui l\u00f2ng \u0111\u1ebfn c\u00f9ng si\u00eau th\u1ecb \u0111\u00e3 mua \u0111\u1ec3 \u0111\u01b0\u1ee3c h\u1ed7 tr\u1ee3 \u0111\u1ed5i\/tr\u1ea3<\/p>\n<p><strong>3. \u0110\u00f4\u0301i v\u01a1\u0301i Quy\u0301 kha\u0301ch ha\u0300ng ta\u0323i khu v\u01b0\u0323c B\u00ecnh D\u01b0\u01a1ng.<\/strong><\/p>\n<p>\u0110\u1ebfn tr\u1ef1c ti\u1ebfp t\u1ea1i chi nh\u00e1nh BD:<\/p>\n<p><strong>QUY \u0110\u1ecaNH \u0110\u1ed4I TR\u1ea2<\/strong><\/p>\n<p><strong>I\/ C\u00e1c tr\u01b0\u1eddng h\u1ee3p h\u00e0ng h\u00f3a \u0110\u01af\u1ee2C \u0111\u1ed5i tr\u1ea3:<\/strong><\/p>\n<p>\u2013 H\u00e0ng h\u00f3a kh\u00f4ng n\u1eb1m trong danh m\u1ee5c \u201cKh\u00f4ng \u0111\u1ed5i tr\u1ea3\u201d \u2013 C\u00f3 h\u00f3a \u0111\u01a1n mua h\u00e0ng \u0111i k\u00e8m \u2013 Th\u1eddi gian \u0111\u1ed5i tr\u1ea3 l\u00e0 48 ti\u1ebfng k\u1ec3 l\u00fac mua h\u00e0ng t\u1ea1i si\u00eau th\u1ecb\/ nh\u1eadn h\u00e0ng \u0111\u1ed1i v\u1edbi \u0111\u01a1n h\u00e0ng online \u2013 C\u00e1c l\u1ed7i thu\u1ed9c v\u1ec1 nh\u00e0 s\u1ea3n xu\u1ea5t\/ph\u00e2n ph\u1ed1i \u2013 Giao h\u00e0ng l\u1ed7i, kh\u00f4ng \u0111\u00fang s\u1ea3n ph\u1ea9m so v\u1edbi h\u00f3a \u0111\u01a1n \u2013 S\u1ea3n ph\u1ea9m c\u00f2n nguy\u00ean d\u1ea1ng, \u0111\u1ea7y \u0111\u1ee7 nh\u00e3n m\u00e1c,\u2026<\/p>\n<p><strong>II\/ C\u00e1c tr\u01b0\u1eddng KH\u00d4NG \u0111\u01b0\u1ee3c \u0111\u1ed5i tr\u1ea3<\/strong><\/p>\n<p>\u2013 H\u00e0ng h\u00f3a n\u1eb1m trong danh m\u1ee5c \u201cKh\u00f4ng \u0111\u1ed5i tr\u1ea3\u201d \u2013 Xu\u1ea5t ph\u00e1t t\u1eeb c\u00e1c y\u1ebfu t\u1ed1 ch\u1ee7 quan: \u201cKh\u00f4ng \u01b0ng \u00fd, kh\u00f4ng th\u00edch,..\u201d \u2013 C\u00f3 d\u1ea5u hi\u1ec7u \u0111\u00e3 s\u1eed d\u1ee5ng. \u2013 C\u00e1c tr\u01b0\u1eddng h\u1ee3p b\u1ea3o qu\u1ea3n, s\u1eed d\u1ee5ng kh\u00f4ng \u0111\u00fang theo h\u01b0\u1edbng d\u1eabn c\u1ee7a nh\u00e0 s\u1ea3n xu\u1ea5t\/ph\u00e2n ph\u1ed1i \u2013 Kh\u00f4ng c\u00f3 h\u00f3a \u0111\u01a1n mua h\u00e0ng \u2013 V\u01b0\u1ee3t qu\u00e1 th\u1eddi gian cho ph\u00e9p \u0111\u1ed5i tr\u1ea3<\/p>\n<p><strong>PH\u01af\u01a0NG TH\u1ee8C \u0110\u1ed4I TR\u1ea2<\/strong><\/p>\n<p>\u2022 Ch\u1ec9 \u00e1p d\u1ee5ng \u0111\u1ed5i tr\u1ea3 mi\u1ec5n ph\u00ed cho c\u00e1c s\u1ea3n ph\u1ea9m c\u00f3 gi\u00e1 tr\u1ecb t\u01b0\u01a1ng \u0111\u01b0\u01a1ng ho\u1eb7c th\u1ea5p h\u01a1n s\u1ea3n ph\u1ea9m \u0111\u00e3 mua. \u2022 \u0110\u1ed5i sang s\u1ea3n ph\u1ea9m c\u00f3 gi\u00e1 tr\u1ecb cao h\u01a1n, s\u1ed1 ti\u1ec1n ch\u00eanh l\u1ec7ch s\u1ebd do Qu\u00fd kh\u00e1ch h\u00e0ng chi tr\u1ea3.<\/p>\n","protected":false},"excerpt":{"rendered":"<p>L\u01b0u \u00fd: Ch\u00ednh s\u00e1ch n\u00e0y kh\u00f4ng \u00e1p d\u1ee5ng cho m\u1ed9t s\u1ed1 nh\u00f3m s\u1ea3n ph\u1ea9m theo quy \u0111\u1ecbnh tr\u1ef1c ti\u1ebfp t\u1eeb si\u00eau th\u1ecb: + H\u00e0ng nguy\u00ean li\u1ec7u l\u1ea1nh (kem, b\u01a1, whipping,\u2026) + H\u00e0ng khuy\u1ebfn m\u00e3i + M\u1ed9t s\u1ed1 h\u00e0ng h\u00f3a theo danh m\u1ee5c c\u1eadp nh\u1eadt t\u1eeb si\u00eau th\u1ecb 1. \u0110\u00f4\u0301i v\u01a1\u0301i Quy\u0301 kha\u0301ch ha\u0300ng ta\u0323i khu [&hellip;]<\/p>\n","protected":false},"author":2,"featured_media":0,"parent":0,"menu_order":0,"comment_status":"closed","ping_status":"closed","template":"","meta":{"_acf_changed":false,"_mbp_gutenberg_autopost":false,"footnotes":""},"class_list":["post-17396","page","type-page","status-publish"],"acf":[],"_links":{"self":[{"href":"https:\/\/tannhathuong.com\/en\/wp-json\/wp\/v2\/pages\/17396","targetHints":{"allow":["GET"]}}],"collection":[{"href":"https:\/\/tannhathuong.com\/en\/wp-json\/wp\/v2\/pages"}],"about":[{"href":"https:\/\/tannhathuong.com\/en\/wp-json\/wp\/v2\/types\/page"}],"author":[{"embeddable":true,"href":"https:\/\/tannhathuong.com\/en\/wp-json\/wp\/v2\/users\/2"}],"replies":[{"embeddable":true,"href":"https:\/\/tannhathuong.com\/en\/wp-json\/wp\/v2\/comments?post=17396"}],"version-history":[{"count":0,"href":"https:\/\/tannhathuong.com\/en\/wp-json\/wp\/v2\/pages\/17396\/revisions"}],"wp:attachment":[{"href":"https:\/\/tannhathuong.com\/en\/wp-json\/wp\/v2\/media?parent=17396"}],"curies":[{"name":"wp","href":"https:\/\/api.w.org\/{rel}","templated":true}]}}