{"id":17398,"date":"2023-12-27T14:06:01","date_gmt":"2023-12-27T07:06:01","guid":{"rendered":"https:\/\/tannhathuong.com\/purchase-policy\/"},"modified":"2023-12-27T14:06:01","modified_gmt":"2023-12-27T07:06:01","slug":"purchase-policy","status":"publish","type":"page","link":"https:\/\/tannhathuong.com\/en\/purchase-policy\/","title":{"rendered":"Purchase Policy"},"content":{"rendered":"<p>T\u00e2n Nh\u1ea5t H\u01b0\u01a1ng c\u00f3 xu\u1ea5t h\u00f3a \u0111\u01a1n VAT \u0111i\u1ec7n t\u1eed khi qu\u00fd kh\u00e1ch mua h\u00e0ng tr\u1ef1c ti\u1ebfp t\u1ea1i c\u1eeda h\u00e0ng ho\u1eb7c \u0111\u1eb7t h\u00e0ng Online. Mua tr\u1ef1c ti\u1ebfp t\u1ea1i c\u1eeda h\u00e0ng: Bill ch\u1ec9 c\u00f3 gi\u00e1 tr\u1ecb xu\u1ea5t ho\u00e1 \u0111\u01a1n trong ng\u00e0y. T\u00e2n Nh\u1ea5t H\u01b0\u01a1ng s\u1ebd xu\u1ea5t h\u00f3a \u0111\u01a1n trong ng\u00e0y khi qu\u00fd kh\u00e1ch mua h\u00e0ng v\u00e0o gi\u1edd h\u00e0nh ch\u00ednh. Tr\u01b0\u1eddng h\u1ee3p, qu\u00fd kh\u00e1ch mua h\u00e0ng ngo\u00e0i gi\u1edd h\u00e0nh ch\u00ednh, h\u00f3a \u0111\u01a1n s\u1ebd \u0111\u01b0\u1ee3c xu\u1ea5t v\u00e0o ng\u00e0y l\u00e0m vi\u1ec7c k\u1ebf ti\u1ebfp kh\u00f4ng t\u00ednh th\u1ee9 B\u1ea3y, Ch\u1ee7 nh\u1eadt, ng\u00e0y L\u1ec5 (ng\u00e0y h\u00f3a \u0111\u01a1n kh\u00e1c v\u1edbi ng\u00e0y mua h\u00e0ng). Mua h\u00e0ng online: Qu\u00fd kh\u00e1ch vui l\u00f2ng cung c\u1ea5p th\u00f4ng tin xu\u1ea5t h\u00f3a \u0111\u01a1n ngay t\u1ea1i th\u1eddi \u0111i\u1ec3m \u0111\u1eb7t h\u00e0ng Online. H\u00f3a \u0111\u01a1n \u0111\u01b0\u1ee3c g\u1eedi \u0111\u1ebfn email qu\u00fd kh\u00e1ch cung c\u1ea5p trong v\u00f2ng 2-3 ng\u00e0y sau khi nh\u1eadn h\u00e0ng.<\/p>\n","protected":false},"excerpt":{"rendered":"<p>T\u00e2n Nh\u1ea5t H\u01b0\u01a1ng c\u00f3 xu\u1ea5t h\u00f3a \u0111\u01a1n VAT \u0111i\u1ec7n t\u1eed khi qu\u00fd kh\u00e1ch mua h\u00e0ng tr\u1ef1c ti\u1ebfp t\u1ea1i c\u1eeda h\u00e0ng ho\u1eb7c \u0111\u1eb7t h\u00e0ng Online. Mua tr\u1ef1c ti\u1ebfp t\u1ea1i c\u1eeda h\u00e0ng: Bill ch\u1ec9 c\u00f3 gi\u00e1 tr\u1ecb xu\u1ea5t ho\u00e1 \u0111\u01a1n trong ng\u00e0y. T\u00e2n Nh\u1ea5t H\u01b0\u01a1ng s\u1ebd xu\u1ea5t h\u00f3a \u0111\u01a1n trong ng\u00e0y khi qu\u00fd kh\u00e1ch mua h\u00e0ng v\u00e0o [&hellip;]<\/p>\n","protected":false},"author":2,"featured_media":0,"parent":0,"menu_order":0,"comment_status":"closed","ping_status":"closed","template":"","meta":{"_acf_changed":false,"_mbp_gutenberg_autopost":false,"footnotes":""},"class_list":["post-17398","page","type-page","status-publish"],"acf":[],"_links":{"self":[{"href":"https:\/\/tannhathuong.com\/en\/wp-json\/wp\/v2\/pages\/17398","targetHints":{"allow":["GET"]}}],"collection":[{"href":"https:\/\/tannhathuong.com\/en\/wp-json\/wp\/v2\/pages"}],"about":[{"href":"https:\/\/tannhathuong.com\/en\/wp-json\/wp\/v2\/types\/page"}],"author":[{"embeddable":true,"href":"https:\/\/tannhathuong.com\/en\/wp-json\/wp\/v2\/users\/2"}],"replies":[{"embeddable":true,"href":"https:\/\/tannhathuong.com\/en\/wp-json\/wp\/v2\/comments?post=17398"}],"version-history":[{"count":0,"href":"https:\/\/tannhathuong.com\/en\/wp-json\/wp\/v2\/pages\/17398\/revisions"}],"wp:attachment":[{"href":"https:\/\/tannhathuong.com\/en\/wp-json\/wp\/v2\/media?parent=17398"}],"curies":[{"name":"wp","href":"https:\/\/api.w.org\/{rel}","templated":true}]}}