{"id":17399,"date":"2023-12-27T14:15:18","date_gmt":"2023-12-27T07:15:18","guid":{"rendered":"https:\/\/tannhathuong.com\/payment-methods\/"},"modified":"2023-12-27T14:15:18","modified_gmt":"2023-12-27T07:15:18","slug":"payment-methods","status":"publish","type":"page","link":"https:\/\/tannhathuong.com\/en\/payment-methods\/","title":{"rendered":"Payment Methods"},"content":{"rendered":"<p><strong>Thanh to\u00e1n t\u1ea1i c\u1eeda h\u00e0ng T\u00e2n Nh\u1ea5t H\u01b0\u01a1ng:<\/strong><\/p>\n<p>H\u00ecnh th\u1ee9c n\u00e0y \u00e1p d\u1ee5ng cho kh\u00e1ch h\u00e0ng \u0111\u1eb7t h\u00e0ng online \u0111\u1ec3 gi\u1eef h\u00e0ng, sau \u0111\u00f3 li\u00ean h\u1ec7 c\u00e1c c\u1eeda h\u00e0ng c\u1ee7a T\u00e2n Nh\u1ea5t H\u01b0\u01a1ng \u0111\u1ec3 nh\u1eadn \u0111\u01a1n h\u00e0ng v\u00e0 thanh to\u00e1n tr\u1ef1c ti\u1ebfp. T\u00e2n Nh\u1ea5t H\u01b0\u01a1ng s\u1ebd li\u00ean h\u1ec7 \u0111\u1ec3 x\u00e1c nh\u1eadn \u0111\u01a1n h\u00e0n v\u00e0 gi\u1eef h\u00e0ng cho Qu\u00fd kh\u00e1ch. <\/p>\n<p><strong>Thanh to\u00e1n khi khi h\u00e0ng (COD):<\/strong><\/p>\n<p>T\u00e2n Nh\u1ea5t H\u01b0\u01a1ng cung c\u1ea5p d\u1ecbch v\u1ee5 giao h\u00e0ng v\u00e0 thu ti\u1ec1n t\u1eadn nh\u00e0 (COD) v\u1edbi kh\u00e1ch h\u00e0ng \u1edf H\u00e0 N\u1ed9i v\u00e0 H\u1ed3 Ch\u00ed Minh. T\u00e2n Nh\u1ea5t H\u01b0\u01a1ng s\u1ebd li\u00ean h\u1ec7 g\u1ecdi \u0111i\u1ec7n \u0111\u1ec3 x\u00e1c nh\u1eadn \u0111\u01a1n h\u00e0ng, b\u00e1o ph\u00ed ship. Kh\u00e1ch h\u00e0ng sau khi nh\u1eadn h\u00e0ng vui l\u00f2ng ki\u1ec3m tra h\u00e0ng th\u1eadt k\u1ef9, thanh to\u00e1n ti\u1ec1n h\u00e0ng v\u00e0 ti\u1ec1n ph\u00ed v\u1eadn chuy\u1ec3n (theo s\u1ef1 trao \u0111\u1ed5i tr\u01b0\u1edbc v\u1edbi nh\u00e2n vi\u00ean T\u00e2n Nh\u1ea5t H\u01b0\u01a1ng).  <\/p>\n<p><strong>Thanh to\u00e1n qua t\u00e0i kho\u1ea3n ng\u00e2n h\u00e0ng:<\/strong><\/p>\n<p>\u0110\u1ed1i v\u1edbi kh\u00e1ch h\u00e0ng \u1edf t\u1ec9nh, th\u00e0nh ph\u1ed1 kh\u00e1c ngo\u00e0i H\u00e0 N\u1ed9i v\u00e0 H\u1ed3 Ch\u00ed Minh. T\u00e2n Nh\u1ea5t H\u01b0\u01a1ng s\u1ebd giao h\u00e0ng qua c\u00e1c ch\u00e0nh xe quen c\u1ee7a Qu\u00fd kh\u00e1ch, Qu\u00fd kh\u00e1ch vui l\u00f2ng cung c\u1ea5p th\u00f4ng tin ch\u00e0nh xe quen, gi\u1edd giao nh\u1eadn, th\u00f4ng tin giao nh\u1eadn, v\u00e0 chuy\u1ec3n kho\u1ea3n tr\u01b0\u1edbc ti\u1ec1n h\u00e0ng qua t\u00e0i kho\u1ea3n ng\u00e2n h\u00e0ng do nh\u00e2n vi\u00ean T\u00e2n Nh\u1ea5t H\u01b0\u01a1ng cung c\u1ea5p. <\/p>\n","protected":false},"excerpt":{"rendered":"<p>Thanh to\u00e1n t\u1ea1i c\u1eeda h\u00e0ng T\u00e2n Nh\u1ea5t H\u01b0\u01a1ng: H\u00ecnh th\u1ee9c n\u00e0y \u00e1p d\u1ee5ng cho kh\u00e1ch h\u00e0ng \u0111\u1eb7t h\u00e0ng online \u0111\u1ec3 gi\u1eef h\u00e0ng, sau \u0111\u00f3 li\u00ean h\u1ec7 c\u00e1c c\u1eeda h\u00e0ng c\u1ee7a T\u00e2n Nh\u1ea5t H\u01b0\u01a1ng \u0111\u1ec3 nh\u1eadn \u0111\u01a1n h\u00e0ng v\u00e0 thanh to\u00e1n tr\u1ef1c ti\u1ebfp. T\u00e2n Nh\u1ea5t H\u01b0\u01a1ng s\u1ebd li\u00ean h\u1ec7 \u0111\u1ec3 x\u00e1c nh\u1eadn \u0111\u01a1n h\u00e0n v\u00e0 gi\u1eef [&hellip;]<\/p>\n","protected":false},"author":2,"featured_media":0,"parent":0,"menu_order":0,"comment_status":"closed","ping_status":"closed","template":"","meta":{"_acf_changed":false,"_mbp_gutenberg_autopost":false,"footnotes":""},"class_list":["post-17399","page","type-page","status-publish"],"acf":[],"_links":{"self":[{"href":"https:\/\/tannhathuong.com\/en\/wp-json\/wp\/v2\/pages\/17399","targetHints":{"allow":["GET"]}}],"collection":[{"href":"https:\/\/tannhathuong.com\/en\/wp-json\/wp\/v2\/pages"}],"about":[{"href":"https:\/\/tannhathuong.com\/en\/wp-json\/wp\/v2\/types\/page"}],"author":[{"embeddable":true,"href":"https:\/\/tannhathuong.com\/en\/wp-json\/wp\/v2\/users\/2"}],"replies":[{"embeddable":true,"href":"https:\/\/tannhathuong.com\/en\/wp-json\/wp\/v2\/comments?post=17399"}],"version-history":[{"count":0,"href":"https:\/\/tannhathuong.com\/en\/wp-json\/wp\/v2\/pages\/17399\/revisions"}],"wp:attachment":[{"href":"https:\/\/tannhathuong.com\/en\/wp-json\/wp\/v2\/media?parent=17399"}],"curies":[{"name":"wp","href":"https:\/\/api.w.org\/{rel}","templated":true}]}}