{"id":18140,"date":"2024-01-25T16:09:20","date_gmt":"2024-01-25T09:09:20","guid":{"rendered":"https:\/\/tannhathuong.com\/san-pham\/bot-banh-bong-lan-o-fan-001-fancys-1-5kg\/"},"modified":"2024-11-19T14:52:52","modified_gmt":"2024-11-19T07:52:52","slug":"bot-banh-bong-lan-o-fan-001-fancys-1-5kg","status":"publish","type":"product","link":"https:\/\/tannhathuong.com\/en\/product\/bot-banh-bong-lan-o-fan-001-fancys-1-5kg\/","title":{"rendered":"Fancy\u2019s Sponge Cake Mix Fan-001 (1.5kg)"},"content":{"rendered":"","protected":false},"excerpt":{"rendered":"<ul>\n<li><span style=\"vertical-align: inherit\"><span style=\"vertical-align: inherit\">Kh\u1ed1i l\u01b0\u1ee3ng t\u1ecbnh: 500g<\/span><\/span><\/li>\n<li><span style=\"vertical-align: inherit\"><span style=\"vertical-align: inherit\">C\u00f4ng d\u1ee5ng: D\u00f9ng l\u00e0m b\u00e1nh chiffon<\/span><\/span><\/li>\n<li><span style=\"vertical-align: inherit\"><span style=\"vertical-align: inherit\">B\u1ea3o qu\u1ea3n: N\u01a1i tho\u00e1ng m\u00e1t, tr\u00e1nh nhi\u1ec7t \u0111\u1ed9 cao v\u00e0 \u00e1nh n\u1eafng tr\u1ef1c ti\u1ebfp.<\/span><\/span><\/li>\n<li><span style=\"vertical-align: inherit\"><span style=\"vertical-align: inherit\">S\u1ea3n xu\u1ea5t b\u1edfi: C\u00f4ng ty TNHH Th\u01b0\u01a1ng m\u1ea1i T\u00e2n Nh\u1ea5t H\u01b0\u01a1ng<\/span><\/span><\/li>\n<li><span style=\"vertical-align: inherit\"><span style=\"vertical-align: inherit\">Th\u00e0nh ph\u1ea7n: B\u1ed9t m\u00ec, \u0111\u01b0\u1eddng, tinh b\u1ed9t, b\u1ed9t s\u1eefa,&#8230;<\/span><\/span><\/li>\n<\/ul>\n","protected":false},"featured_media":17107,"comment_status":"closed","ping_status":"closed","template":"","meta":{"_acf_changed":false,"_mbp_gutenberg_autopost":false},"product_brand":[],"product_cat":[152],"product_tag":[],"class_list":{"0":"post-18140","1":"product","2":"type-product","3":"status-publish","4":"has-post-thumbnail","6":"product_cat-fancys-pre-mixed-cake-flour","8":"first","9":"instock","10":"shipping-taxable","11":"product-type-simple"},"acf":[],"_links":{"self":[{"href":"https:\/\/tannhathuong.com\/en\/wp-json\/wp\/v2\/product\/18140","targetHints":{"allow":["GET"]}}],"collection":[{"href":"https:\/\/tannhathuong.com\/en\/wp-json\/wp\/v2\/product"}],"about":[{"href":"https:\/\/tannhathuong.com\/en\/wp-json\/wp\/v2\/types\/product"}],"replies":[{"embeddable":true,"href":"https:\/\/tannhathuong.com\/en\/wp-json\/wp\/v2\/comments?post=18140"}],"wp:featuredmedia":[{"embeddable":true,"href":"https:\/\/tannhathuong.com\/en\/wp-json\/wp\/v2\/media\/17107"}],"wp:attachment":[{"href":"https:\/\/tannhathuong.com\/en\/wp-json\/wp\/v2\/media?parent=18140"}],"wp:term":[{"taxonomy":"product_brand","embeddable":true,"href":"https:\/\/tannhathuong.com\/en\/wp-json\/wp\/v2\/product_brand?post=18140"},{"taxonomy":"product_cat","embeddable":true,"href":"https:\/\/tannhathuong.com\/en\/wp-json\/wp\/v2\/product_cat?post=18140"},{"taxonomy":"product_tag","embeddable":true,"href":"https:\/\/tannhathuong.com\/en\/wp-json\/wp\/v2\/product_tag?post=18140"}],"curies":[{"name":"wp","href":"https:\/\/api.w.org\/{rel}","templated":true}]}}