{"id":18151,"date":"2024-10-10T17:19:47","date_gmt":"2024-10-10T10:19:47","guid":{"rendered":"https:\/\/tannhathuong.com\/san-pham\/so-co-la-set-den-cacao-talk-500g\/"},"modified":"2024-10-10T17:19:47","modified_gmt":"2024-10-10T10:19:47","slug":"so-co-la-set-den-cacao-talk-500g","status":"publish","type":"product","link":"https:\/\/tannhathuong.com\/en\/product\/so-co-la-set-den-cacao-talk-500g\/","title":{"rendered":"S\u00f4 C\u00f4 La S\u1ec7t \u0110en Cacao Talk (500g)"},"content":{"rendered":"","protected":false},"excerpt":{"rendered":"<ul>\n<li>Net weight: 500g<\/li>\n<li>C\u00e1ch s\u1eed d\u1ee5ng: D\u00f9ng l\u00e0m nh\u00e2n c\u00e1c lo\u1ea1i b\u00e1nh, \u0111\u1ed5 ganache, vi\u1ebft ch\u1eef l\u00ean b\u00e1nh ho\u1eb7c d\u00f9ng trong pha ch\u1ebf<\/li>\n<li>B\u1ea3o qu\u1ea3n: N\u01a1i kh\u00f4 tho\u00e1ng, tr\u00e1nh \u1ea9m v\u00e0 \u00e1nh s\u00e1ng tr\u1ef1c ti\u1ebfp<\/li>\n<li>S\u1ea3n ph\u1ea9m c\u1ee7a: <a href=\"https:\/\/fancyfoods.vn\/\">C\u00f4ng ty TNHH Th\u01b0\u01a1ng M\u1ea1i S\u1ea3n Xu\u1ea5t Fancy Foods<\/a><\/li>\n<li>Th\u00e0nh ph\u1ea7n: \u0110\u01b0\u1eddng, ch\u1ea5t b\u00e9o th\u1ef1c v\u1eadt, b\u1ed9t cacao,\u2026<\/li>\n<\/ul>\n","protected":false},"featured_media":17794,"comment_status":"closed","ping_status":"closed","template":"","meta":{"_acf_changed":false,"_mbp_gutenberg_autopost":false},"product_brand":[],"product_cat":[157],"product_tag":[],"class_list":{"0":"post-18151","1":"product","2":"type-product","3":"status-publish","4":"has-post-thumbnail","6":"product_cat-chocolate-cacao-talk-en","8":"first","9":"instock","10":"shipping-taxable","11":"product-type-simple"},"acf":[],"_links":{"self":[{"href":"https:\/\/tannhathuong.com\/en\/wp-json\/wp\/v2\/product\/18151","targetHints":{"allow":["GET"]}}],"collection":[{"href":"https:\/\/tannhathuong.com\/en\/wp-json\/wp\/v2\/product"}],"about":[{"href":"https:\/\/tannhathuong.com\/en\/wp-json\/wp\/v2\/types\/product"}],"replies":[{"embeddable":true,"href":"https:\/\/tannhathuong.com\/en\/wp-json\/wp\/v2\/comments?post=18151"}],"wp:featuredmedia":[{"embeddable":true,"href":"https:\/\/tannhathuong.com\/en\/wp-json\/wp\/v2\/media\/17794"}],"wp:attachment":[{"href":"https:\/\/tannhathuong.com\/en\/wp-json\/wp\/v2\/media?parent=18151"}],"wp:term":[{"taxonomy":"product_brand","embeddable":true,"href":"https:\/\/tannhathuong.com\/en\/wp-json\/wp\/v2\/product_brand?post=18151"},{"taxonomy":"product_cat","embeddable":true,"href":"https:\/\/tannhathuong.com\/en\/wp-json\/wp\/v2\/product_cat?post=18151"},{"taxonomy":"product_tag","embeddable":true,"href":"https:\/\/tannhathuong.com\/en\/wp-json\/wp\/v2\/product_tag?post=18151"}],"curies":[{"name":"wp","href":"https:\/\/api.w.org\/{rel}","templated":true}]}}