{"id":18155,"date":"2024-10-10T15:45:22","date_gmt":"2024-10-10T08:45:22","guid":{"rendered":"https:\/\/tannhathuong.com\/san-pham\/so-co-la-chip-2-mau-cacao-talk-700g\/"},"modified":"2024-10-10T15:45:22","modified_gmt":"2024-10-10T08:45:22","slug":"so-co-la-chip-2-mau-cacao-talk-700g","status":"publish","type":"product","link":"https:\/\/tannhathuong.com\/en\/product\/so-co-la-chip-2-mau-cacao-talk-700g\/","title":{"rendered":"S\u00f4 C\u00f4 La Ch\u00edp 2 M\u00e0u Cacao Talk (700g)"},"content":{"rendered":"","protected":false},"excerpt":{"rendered":"<ul>\n<li>Kh\u1ed1i l\u01b0\u1ee3ng t\u1ecbnh: 700g<\/li>\n<li>C\u00e1ch s\u1eed d\u1ee5ng: D\u00f9ng trang tr\u00ed tr\u1ef1c ti\u1ebfp l\u00ean b\u00e1nh, l\u00e0m nh\u00e2n b\u00e1nh ho\u1eb7c l\u00e0m topping cho m\u1ed9t s\u1ed1 c\u00f4ng th\u1ee9c pha ch\u1ebf<\/li>\n<li>B\u1ea3o qu\u1ea3n: N\u01a1i kh\u00f4 tho\u00e1ng, tr\u00e1nh \u00e1nh n\u1eafng tr\u1ef1c ti\u1ebfp, tr\u00e1nh \u0111\u1ed9 \u1ea9m v\u00e0 s\u1ef1 thay \u0111\u1ed5i nhi\u1ec7t \u0111\u1ed9<\/li>\n<li>S\u1ea3n ph\u1ea9m c\u1ee7a: <a href=\"https:\/\/fancyfoods.vn\/\">C\u00f4ng ty TNHH Th\u01b0\u01a1ng M\u1ea1i S\u1ea3n Xu\u1ea5t Fancy Foods<\/a><\/li>\n<li>Th\u00e0nh ph\u1ea7n: \u0110\u01b0\u1eddng, ch\u1ea5t b\u00e9o th\u1ef1c v\u1eadt, b\u1ed9t cacao, b\u1ed9t s\u1eefa,\u2026<\/li>\n<\/ul>\n","protected":false},"featured_media":17770,"comment_status":"closed","ping_status":"closed","template":"","meta":{"_acf_changed":false,"_mbp_gutenberg_autopost":false},"product_brand":[],"product_cat":[157],"product_tag":[],"class_list":{"0":"post-18155","1":"product","2":"type-product","3":"status-publish","4":"has-post-thumbnail","6":"product_cat-chocolate-cacao-talk-en","8":"first","9":"instock","10":"shipping-taxable","11":"product-type-simple"},"acf":[],"_links":{"self":[{"href":"https:\/\/tannhathuong.com\/en\/wp-json\/wp\/v2\/product\/18155","targetHints":{"allow":["GET"]}}],"collection":[{"href":"https:\/\/tannhathuong.com\/en\/wp-json\/wp\/v2\/product"}],"about":[{"href":"https:\/\/tannhathuong.com\/en\/wp-json\/wp\/v2\/types\/product"}],"replies":[{"embeddable":true,"href":"https:\/\/tannhathuong.com\/en\/wp-json\/wp\/v2\/comments?post=18155"}],"wp:featuredmedia":[{"embeddable":true,"href":"https:\/\/tannhathuong.com\/en\/wp-json\/wp\/v2\/media\/17770"}],"wp:attachment":[{"href":"https:\/\/tannhathuong.com\/en\/wp-json\/wp\/v2\/media?parent=18155"}],"wp:term":[{"taxonomy":"product_brand","embeddable":true,"href":"https:\/\/tannhathuong.com\/en\/wp-json\/wp\/v2\/product_brand?post=18155"},{"taxonomy":"product_cat","embeddable":true,"href":"https:\/\/tannhathuong.com\/en\/wp-json\/wp\/v2\/product_cat?post=18155"},{"taxonomy":"product_tag","embeddable":true,"href":"https:\/\/tannhathuong.com\/en\/wp-json\/wp\/v2\/product_tag?post=18155"}],"curies":[{"name":"wp","href":"https:\/\/api.w.org\/{rel}","templated":true}]}}