{"id":18161,"date":"2024-10-10T14:04:47","date_gmt":"2024-10-10T07:04:47","guid":{"rendered":"https:\/\/tannhathuong.com\/san-pham\/so-co-la-compound-trang-dang-khoi-cacao-talk-1kg\/"},"modified":"2024-10-10T14:04:47","modified_gmt":"2024-10-10T07:04:47","slug":"so-co-la-compound-trang-dang-khoi-cacao-talk-1kg","status":"publish","type":"product","link":"https:\/\/tannhathuong.com\/en\/product\/so-co-la-compound-trang-dang-khoi-cacao-talk-1kg\/","title":{"rendered":"S\u00f4 C\u00f4 La Compound Tr\u1eafng D\u1ea1ng Kh\u1ed1i Cacao Talk (1kg)"},"content":{"rendered":"","protected":false},"excerpt":{"rendered":"<ul>\n<li>Net weight: 1kg<\/li>\n<li>C\u00e1ch s\u1eed d\u1ee5ng: D\u00f9ng \u0111\u1ec3 s\u1ee7i s\u00f4 c\u00f4 la trang tr\u00ed, n\u1ea5u ganache v\u00e0 l\u00e0m nh\u00e2n b\u00e1nh<\/li>\n<li>B\u1ea3o qu\u1ea3n: N\u01a1i kh\u00f4 tho\u00e1ng, kh\u00f4ng c\u00f3 m\u00f9i l\u1ea1. Tr\u00e1nh thay \u0111\u1ed5i nhi\u1ec7t \u0111\u1ed9, \u1ea9m \u0111\u1ed9 \u0111\u1ed9t ng\u1ed9t<\/li>\n<li>S\u1ea3n ph\u1ea9m c\u1ee7a <a href=\"https:\/\/fancyfoods.vn\/\">C\u00f4ng ty TNHH Th\u01b0\u01a1ng M\u1ea1i S\u1ea3n Xu\u1ea5t Fancy Foods.<\/a><\/li>\n<li>Th\u00e0nh ph\u1ea7n: \u0110\u01b0\u1eddng, ch\u1ea5t b\u00e9o th\u1ef1c v\u1eadt, b\u1ed9t s\u1eefa,\u2026<\/li>\n<\/ul>\n","protected":false},"featured_media":17741,"comment_status":"closed","ping_status":"closed","template":"","meta":{"_acf_changed":false,"_mbp_gutenberg_autopost":false},"product_brand":[],"product_cat":[157],"product_tag":[],"class_list":{"0":"post-18161","1":"product","2":"type-product","3":"status-publish","4":"has-post-thumbnail","6":"product_cat-chocolate-cacao-talk-en","8":"first","9":"instock","10":"shipping-taxable","11":"product-type-simple"},"acf":[],"_links":{"self":[{"href":"https:\/\/tannhathuong.com\/en\/wp-json\/wp\/v2\/product\/18161","targetHints":{"allow":["GET"]}}],"collection":[{"href":"https:\/\/tannhathuong.com\/en\/wp-json\/wp\/v2\/product"}],"about":[{"href":"https:\/\/tannhathuong.com\/en\/wp-json\/wp\/v2\/types\/product"}],"replies":[{"embeddable":true,"href":"https:\/\/tannhathuong.com\/en\/wp-json\/wp\/v2\/comments?post=18161"}],"wp:featuredmedia":[{"embeddable":true,"href":"https:\/\/tannhathuong.com\/en\/wp-json\/wp\/v2\/media\/17741"}],"wp:attachment":[{"href":"https:\/\/tannhathuong.com\/en\/wp-json\/wp\/v2\/media?parent=18161"}],"wp:term":[{"taxonomy":"product_brand","embeddable":true,"href":"https:\/\/tannhathuong.com\/en\/wp-json\/wp\/v2\/product_brand?post=18161"},{"taxonomy":"product_cat","embeddable":true,"href":"https:\/\/tannhathuong.com\/en\/wp-json\/wp\/v2\/product_cat?post=18161"},{"taxonomy":"product_tag","embeddable":true,"href":"https:\/\/tannhathuong.com\/en\/wp-json\/wp\/v2\/product_tag?post=18161"}],"curies":[{"name":"wp","href":"https:\/\/api.w.org\/{rel}","templated":true}]}}