{"id":18175,"date":"2024-10-09T18:06:49","date_gmt":"2024-10-09T11:06:49","guid":{"rendered":"https:\/\/tannhathuong.com\/san-pham\/so-co-la-compound-thuong-hang-huong-tra-xanh-cacao-talk-dang-nut-ao-250g\/"},"modified":"2024-10-09T18:06:49","modified_gmt":"2024-10-09T11:06:49","slug":"so-co-la-compound-thuong-hang-huong-tra-xanh-cacao-talk-dang-nut-ao-250g","status":"publish","type":"product","link":"https:\/\/tannhathuong.com\/en\/product\/so-co-la-compound-thuong-hang-huong-tra-xanh-cacao-talk-dang-nut-ao-250g\/","title":{"rendered":"S\u00f4 C\u00f4 La Compound Th\u01b0\u1ee3ng H\u1ea1ng H\u01b0\u01a1ng Tr\u00e0 Xanh Cacao Talk \u2013 D\u1ea1ng N\u00fat \u00c1o (250g)"},"content":{"rendered":"","protected":false},"excerpt":{"rendered":"<ul>\n<li>h\u1ed1i l\u01b0\u1ee3ng t\u1ecbnh: 250g<\/li>\n<li>C\u00e1ch s\u1eed d\u1ee5ng: S\u1eed d\u1ee5ng \u0103n tr\u1ef1c ti\u1ebfp, d\u00f9ng trang tr\u00ed b\u00e1nh, l\u00e0m nh\u00e2n c\u00e1c d\u00f2ng b\u00e1nh,\u2026<\/li>\n<li>B\u1ea3o qu\u1ea3n: N\u01a1i kh\u00f4 tho\u00e1ng, Tr\u00e1nh thay \u0111\u1ed5i nhi\u1ec7t \u0111\u1ed9 v\u00e0 \u0111\u1ed9 \u1ea9m \u0111\u1ed9t ng\u1ed9t<\/li>\n<li>S\u1ea3n ph\u1ea9m c\u1ee7a: <a href=\"https:\/\/fancyfoods.vn\/\">C\u00f4ng ty TNHH Th\u01b0\u01a1ng M\u1ea1i S\u1ea3n Xu\u1ea5t Fancy Foods<\/a><\/li>\n<li>Th\u00e0nh ph\u1ea7n: \u0110\u01b0\u1eddng; ch\u1ea5t b\u00e9o th\u1ef1c v\u1eadt; b\u1ed9t s\u1eefa; ch\u1ea5t nh\u0169 h\u00f3a (INS (322i),\u2026<\/li>\n<\/ul>\n","protected":false},"featured_media":17621,"comment_status":"closed","ping_status":"closed","template":"","meta":{"_acf_changed":false,"_mbp_gutenberg_autopost":false},"product_brand":[],"product_cat":[157],"product_tag":[],"class_list":{"0":"post-18175","1":"product","2":"type-product","3":"status-publish","4":"has-post-thumbnail","6":"product_cat-chocolate-cacao-talk-en","8":"first","9":"instock","10":"shipping-taxable","11":"product-type-simple"},"acf":[],"_links":{"self":[{"href":"https:\/\/tannhathuong.com\/en\/wp-json\/wp\/v2\/product\/18175","targetHints":{"allow":["GET"]}}],"collection":[{"href":"https:\/\/tannhathuong.com\/en\/wp-json\/wp\/v2\/product"}],"about":[{"href":"https:\/\/tannhathuong.com\/en\/wp-json\/wp\/v2\/types\/product"}],"replies":[{"embeddable":true,"href":"https:\/\/tannhathuong.com\/en\/wp-json\/wp\/v2\/comments?post=18175"}],"wp:featuredmedia":[{"embeddable":true,"href":"https:\/\/tannhathuong.com\/en\/wp-json\/wp\/v2\/media\/17621"}],"wp:attachment":[{"href":"https:\/\/tannhathuong.com\/en\/wp-json\/wp\/v2\/media?parent=18175"}],"wp:term":[{"taxonomy":"product_brand","embeddable":true,"href":"https:\/\/tannhathuong.com\/en\/wp-json\/wp\/v2\/product_brand?post=18175"},{"taxonomy":"product_cat","embeddable":true,"href":"https:\/\/tannhathuong.com\/en\/wp-json\/wp\/v2\/product_cat?post=18175"},{"taxonomy":"product_tag","embeddable":true,"href":"https:\/\/tannhathuong.com\/en\/wp-json\/wp\/v2\/product_tag?post=18175"}],"curies":[{"name":"wp","href":"https:\/\/api.w.org\/{rel}","templated":true}]}}