{"id":18188,"date":"2024-10-07T11:21:25","date_gmt":"2024-10-07T04:21:25","guid":{"rendered":"https:\/\/tannhathuong.com\/san-pham\/so-co-la-hazelnut-thuong-hang-cacao-talk-dang-nut-ao-500g\/"},"modified":"2024-10-07T11:21:25","modified_gmt":"2024-10-07T04:21:25","slug":"so-co-la-hazelnut-thuong-hang-cacao-talk-dang-nut-ao-500g","status":"publish","type":"product","link":"https:\/\/tannhathuong.com\/en\/product\/so-co-la-hazelnut-thuong-hang-cacao-talk-dang-nut-ao-500g\/","title":{"rendered":"S\u00f4 C\u00f4 La Hazelnut Th\u01b0\u1ee3ng H\u1ea1ng Cacao Talk D\u1ea1ng N\u00fat \u00c1o (500g)"},"content":{"rendered":"","protected":false},"excerpt":{"rendered":"<ul>\n<li>Net weight: 500g<\/li>\n<li>C\u00e1ch s\u1eed d\u1ee5ng: D\u00f9ng \u0103n tr\u1ef1c ti\u1ebfp, t\u1ea1o h\u00ecnh trang tr\u00ed, l\u00e0m nh\u00e2n, l\u00e0m ganache<\/li>\n<li>B\u1ea3o qu\u1ea3n: N\u01a1i s\u1ea1ch s\u1ebd, kh\u00f4 r\u00e1o, tho\u00e1ng m\u00e1t, kh\u00f4ng c\u00f3 m\u00f9i l\u1ea1. Tr\u00e1nh thay \u0111\u1ed5i nhi\u1ec7t \u0111\u1ed9, \u0111\u1ed9 \u1ea9m \u0111\u1ed9t ng\u1ed9t v\u00e0 \u00e1nh n\u1eafng tr\u1ef1c ti\u1ebfp. Nhi\u1ec7t \u0111\u1ed9 b\u1ea3o qu\u1ea3n t\u1eeb 18 \u2013 22\u00b0C, \u0111\u1ed9 \u1ea9m &lt;60%<\/li>\n<li>S\u1ea3n ph\u1ea9m c\u1ee7a: <a href=\"https:\/\/fancyfoods.vn\/\">C\u00f4ng ty TNHH Th\u01b0\u01a1ng M\u1ea1i S\u1ea3n Xu\u1ea5t Fancy Foods<\/a><\/li>\n<li>Th\u00e0nh ph\u1ea7n: \u0110\u01b0\u1eddng, b\u01a1 cacao, b\u1ed9t s\u1eefa, cacao mass, b\u01a1 hazelnut(5%),\u2026<\/li>\n<\/ul>\n","protected":false},"featured_media":11376,"comment_status":"closed","ping_status":"closed","template":"","meta":{"_acf_changed":false,"_mbp_gutenberg_autopost":false},"product_brand":[],"product_cat":[157],"product_tag":[],"class_list":{"0":"post-18188","1":"product","2":"type-product","3":"status-publish","4":"has-post-thumbnail","6":"product_cat-chocolate-cacao-talk-en","8":"first","9":"instock","10":"shipping-taxable","11":"product-type-simple"},"acf":[],"_links":{"self":[{"href":"https:\/\/tannhathuong.com\/en\/wp-json\/wp\/v2\/product\/18188","targetHints":{"allow":["GET"]}}],"collection":[{"href":"https:\/\/tannhathuong.com\/en\/wp-json\/wp\/v2\/product"}],"about":[{"href":"https:\/\/tannhathuong.com\/en\/wp-json\/wp\/v2\/types\/product"}],"replies":[{"embeddable":true,"href":"https:\/\/tannhathuong.com\/en\/wp-json\/wp\/v2\/comments?post=18188"}],"wp:featuredmedia":[{"embeddable":true,"href":"https:\/\/tannhathuong.com\/en\/wp-json\/wp\/v2\/media\/11376"}],"wp:attachment":[{"href":"https:\/\/tannhathuong.com\/en\/wp-json\/wp\/v2\/media?parent=18188"}],"wp:term":[{"taxonomy":"product_brand","embeddable":true,"href":"https:\/\/tannhathuong.com\/en\/wp-json\/wp\/v2\/product_brand?post=18188"},{"taxonomy":"product_cat","embeddable":true,"href":"https:\/\/tannhathuong.com\/en\/wp-json\/wp\/v2\/product_cat?post=18188"},{"taxonomy":"product_tag","embeddable":true,"href":"https:\/\/tannhathuong.com\/en\/wp-json\/wp\/v2\/product_tag?post=18188"}],"curies":[{"name":"wp","href":"https:\/\/api.w.org\/{rel}","templated":true}]}}