{"id":18195,"date":"2024-10-08T09:03:39","date_gmt":"2024-10-08T02:03:39","guid":{"rendered":"https:\/\/tannhathuong.com\/san-pham\/so-co-la-compound-thuong-hang-huong-dau-nut-ao-cacao-talk-1kg\/"},"modified":"2024-10-08T09:03:39","modified_gmt":"2024-10-08T02:03:39","slug":"so-co-la-compound-thuong-hang-huong-dau-nut-ao-cacao-talk-1kg","status":"publish","type":"product","link":"https:\/\/tannhathuong.com\/en\/product\/so-co-la-compound-thuong-hang-huong-dau-nut-ao-cacao-talk-1kg\/","title":{"rendered":"S\u00f4 C\u00f4 La Compound Th\u01b0\u1ee3ng H\u1ea1ng H\u01b0\u01a1ng D\u00e2u N\u00fat \u00c1o Cacao Talk (1kg)"},"content":{"rendered":"","protected":false},"excerpt":{"rendered":"<ul>\n<li>Net weight: 1kg<\/li>\n<li>M\u00f9i h\u01b0\u01a1ng: D\u00e2u<\/li>\n<li>C\u00e1ch s\u1eed d\u1ee5ng: D\u00f9ng \u0103n tr\u1ef1c ti\u1ebfp, l\u00e0m nh\u00e2n b\u00e1nh ng\u1ecdt, trang tr\u00ed b\u00e1nh kem,\u2026<\/li>\n<li>B\u1ea3o qu\u1ea3n: N\u01a1i s\u1ea1ch s\u1ebd, kh\u00f4 m\u00e1t, kh\u00f4ng c\u00f3 m\u00f9i l\u1ea1<\/li>\n<li>S\u1ea3n ph\u1ea9m c\u1ee7a: <a href=\"https:\/\/fancyfoods.vn\/\">C\u00f4ng ty TNHH Th\u01b0\u01a1ng M\u1ea1i S\u1ea3n Xu\u1ea5t Fancy Foods<\/a><\/li>\n<li>Th\u00e0nh ph\u1ea7n: \u0110\u01b0\u1eddng, ch\u1ea5t b\u00e9o th\u1ef1c v\u1eadt, b\u1ed9t s\u1eefa, h\u01b0\u01a1ng d\u00e2u t\u1ed5ng h\u1ee3p,\u2026<\/li>\n<\/ul>\n","protected":false},"featured_media":11408,"comment_status":"closed","ping_status":"closed","template":"","meta":{"_acf_changed":false,"_mbp_gutenberg_autopost":false},"product_brand":[],"product_cat":[157],"product_tag":[],"class_list":{"0":"post-18195","1":"product","2":"type-product","3":"status-publish","4":"has-post-thumbnail","6":"product_cat-chocolate-cacao-talk-en","8":"first","9":"instock","10":"shipping-taxable","11":"product-type-simple"},"acf":[],"_links":{"self":[{"href":"https:\/\/tannhathuong.com\/en\/wp-json\/wp\/v2\/product\/18195","targetHints":{"allow":["GET"]}}],"collection":[{"href":"https:\/\/tannhathuong.com\/en\/wp-json\/wp\/v2\/product"}],"about":[{"href":"https:\/\/tannhathuong.com\/en\/wp-json\/wp\/v2\/types\/product"}],"replies":[{"embeddable":true,"href":"https:\/\/tannhathuong.com\/en\/wp-json\/wp\/v2\/comments?post=18195"}],"wp:featuredmedia":[{"embeddable":true,"href":"https:\/\/tannhathuong.com\/en\/wp-json\/wp\/v2\/media\/11408"}],"wp:attachment":[{"href":"https:\/\/tannhathuong.com\/en\/wp-json\/wp\/v2\/media?parent=18195"}],"wp:term":[{"taxonomy":"product_brand","embeddable":true,"href":"https:\/\/tannhathuong.com\/en\/wp-json\/wp\/v2\/product_brand?post=18195"},{"taxonomy":"product_cat","embeddable":true,"href":"https:\/\/tannhathuong.com\/en\/wp-json\/wp\/v2\/product_cat?post=18195"},{"taxonomy":"product_tag","embeddable":true,"href":"https:\/\/tannhathuong.com\/en\/wp-json\/wp\/v2\/product_tag?post=18195"}],"curies":[{"name":"wp","href":"https:\/\/api.w.org\/{rel}","templated":true}]}}