{"id":18196,"date":"2024-10-08T09:33:50","date_gmt":"2024-10-08T02:33:50","guid":{"rendered":"https:\/\/tannhathuong.com\/san-pham\/so-co-la-trang-nguyen-chat-40-cacao-talk-500g\/"},"modified":"2024-10-08T09:33:50","modified_gmt":"2024-10-08T02:33:50","slug":"so-co-la-trang-nguyen-chat-40-cacao-talk-500g","status":"publish","type":"product","link":"https:\/\/tannhathuong.com\/en\/product\/so-co-la-trang-nguyen-chat-40-cacao-talk-500g\/","title":{"rendered":"S\u00f4 C\u00f4 La Tr\u1eafng Nguy\u00ean Ch\u1ea5t 40% Cacao Talk (500g)"},"content":{"rendered":"","protected":false},"excerpt":{"rendered":"<ul>\n<li>Net weight: 500g<\/li>\n<li>C\u00e1ch s\u1eed d\u1ee5ng: D\u00f9ng \u0103n tr\u1ef1c ti\u1ebfp, trang tr\u00ed l\u00ean b\u00e1nh, c\u1ea1o s\u1ee7i ho\u1eb7c \u0111\u1ed5 ganache,\u2026<\/li>\n<li>B\u1ea3o qu\u1ea3n: N\u01a1i s\u1ea1ch s\u1ebd, kh\u00f4 m\u00e1t, kh\u00f4ng c\u00f3 m\u00f9i l\u1ea1, tr\u00e1nh thay \u0111\u1ed5i nhi\u1ec7t \u0111\u1ed9 \u0111\u1ed9t ng\u1ed9t<\/li>\n<li>S\u1ea3n ph\u1ea9m c\u1ee7a: <a href=\"https:\/\/fancyfoods.vn\/\">C\u00f4ng ty TNHH Th\u01b0\u01a1ng M\u1ea1i S\u1ea3n Xu\u1ea5t Fancy Foods<\/a><\/li>\n<li>Th\u00e0nh ph\u1ea9m: Ca cao Mass, \u0111\u01b0\u1eddng, b\u01a1 cacao, ch\u1ea5t nh\u0169 h\u00f3a,\u2026<\/li>\n<\/ul>\n","protected":false},"featured_media":17260,"comment_status":"closed","ping_status":"closed","template":"","meta":{"_acf_changed":false,"_mbp_gutenberg_autopost":false},"product_brand":[],"product_cat":[157],"product_tag":[],"class_list":{"0":"post-18196","1":"product","2":"type-product","3":"status-publish","4":"has-post-thumbnail","6":"product_cat-chocolate-cacao-talk-en","8":"first","9":"instock","10":"shipping-taxable","11":"product-type-simple"},"acf":[],"_links":{"self":[{"href":"https:\/\/tannhathuong.com\/en\/wp-json\/wp\/v2\/product\/18196","targetHints":{"allow":["GET"]}}],"collection":[{"href":"https:\/\/tannhathuong.com\/en\/wp-json\/wp\/v2\/product"}],"about":[{"href":"https:\/\/tannhathuong.com\/en\/wp-json\/wp\/v2\/types\/product"}],"replies":[{"embeddable":true,"href":"https:\/\/tannhathuong.com\/en\/wp-json\/wp\/v2\/comments?post=18196"}],"wp:featuredmedia":[{"embeddable":true,"href":"https:\/\/tannhathuong.com\/en\/wp-json\/wp\/v2\/media\/17260"}],"wp:attachment":[{"href":"https:\/\/tannhathuong.com\/en\/wp-json\/wp\/v2\/media?parent=18196"}],"wp:term":[{"taxonomy":"product_brand","embeddable":true,"href":"https:\/\/tannhathuong.com\/en\/wp-json\/wp\/v2\/product_brand?post=18196"},{"taxonomy":"product_cat","embeddable":true,"href":"https:\/\/tannhathuong.com\/en\/wp-json\/wp\/v2\/product_cat?post=18196"},{"taxonomy":"product_tag","embeddable":true,"href":"https:\/\/tannhathuong.com\/en\/wp-json\/wp\/v2\/product_tag?post=18196"}],"curies":[{"name":"wp","href":"https:\/\/api.w.org\/{rel}","templated":true}]}}