{"id":18202,"date":"2024-01-30T05:05:02","date_gmt":"2024-01-29T22:05:02","guid":{"rendered":"https:\/\/tannhathuong.com\/san-pham\/so-co-la-vien-ngoc-trai-mau-tim-huong-blueberry-cacao-talk-400g\/"},"modified":"2024-10-16T11:50:51","modified_gmt":"2024-10-16T04:50:51","slug":"so-co-la-vien-ngoc-trai-mau-tim-huong-blueberry-cacao-talk-400g","status":"publish","type":"product","link":"https:\/\/tannhathuong.com\/en\/product\/so-co-la-vien-ngoc-trai-mau-tim-huong-blueberry-cacao-talk-400g\/","title":{"rendered":"S\u00f4 C\u00f4 La Vi\u00ean Ng\u1ecdc Trai M\u00e0u T\u00edm \u2013 H\u01b0\u01a1ng Blueberry Cacao Talk (400g)"},"content":{"rendered":"","protected":false},"excerpt":{"rendered":"<ul>\n<li>Kh\u1ed1i l\u01b0\u1ee3ng t\u1ecbnh: 400g<\/li>\n<li>C\u00e1ch s\u1eed d\u1ee5ng: D\u00f9ng \u0103n tr\u1ef1c ti\u1ebfp, d\u00f9ng l\u00e0m ph\u1ee5 ki\u1ec7n trang tr\u00ed b\u00e1nh ho\u1eb7c pha ch\u1ebf,\u2026<\/li>\n<li>B\u1ea3o qu\u1ea3n: \u1ede n\u01a1i kh\u00f4 r\u00e1o, tho\u00e1ng m\u00e1t, nhi\u1ec7t \u0111\u1ed9 t\u1eeb 25\u00b0C \u2013 28\u00b0C, \u0111\u1ed9 \u1ea9m &lt;60%<\/li>\n<li>S\u1ea3n ph\u1ea9m c\u1ee7a: <a href=\"https:\/\/fancyfoods.vn\/\">C\u00f4ng ty TNHH TMSX Fancy Foods<\/a><\/li>\n<li>Th\u00e0nh ph\u1ea7n: \u0110\u01b0\u1eddng, ch\u1ea5t b\u00e9o th\u1ef1c v\u1eadt, b\u1ed9t cacao, b\u1ed9t s\u1eefa, b\u00e1nh c\u1ed1m g\u1ea1o,\u2026<\/li>\n<\/ul>\n","protected":false},"featured_media":17779,"comment_status":"closed","ping_status":"closed","template":"","meta":{"_acf_changed":false,"_mbp_gutenberg_autopost":false},"product_brand":[],"product_cat":[157],"product_tag":[],"class_list":{"0":"post-18202","1":"product","2":"type-product","3":"status-publish","4":"has-post-thumbnail","6":"product_cat-chocolate-cacao-talk-en","8":"first","9":"instock","10":"shipping-taxable","11":"product-type-simple"},"acf":[],"_links":{"self":[{"href":"https:\/\/tannhathuong.com\/en\/wp-json\/wp\/v2\/product\/18202","targetHints":{"allow":["GET"]}}],"collection":[{"href":"https:\/\/tannhathuong.com\/en\/wp-json\/wp\/v2\/product"}],"about":[{"href":"https:\/\/tannhathuong.com\/en\/wp-json\/wp\/v2\/types\/product"}],"replies":[{"embeddable":true,"href":"https:\/\/tannhathuong.com\/en\/wp-json\/wp\/v2\/comments?post=18202"}],"wp:featuredmedia":[{"embeddable":true,"href":"https:\/\/tannhathuong.com\/en\/wp-json\/wp\/v2\/media\/17779"}],"wp:attachment":[{"href":"https:\/\/tannhathuong.com\/en\/wp-json\/wp\/v2\/media?parent=18202"}],"wp:term":[{"taxonomy":"product_brand","embeddable":true,"href":"https:\/\/tannhathuong.com\/en\/wp-json\/wp\/v2\/product_brand?post=18202"},{"taxonomy":"product_cat","embeddable":true,"href":"https:\/\/tannhathuong.com\/en\/wp-json\/wp\/v2\/product_cat?post=18202"},{"taxonomy":"product_tag","embeddable":true,"href":"https:\/\/tannhathuong.com\/en\/wp-json\/wp\/v2\/product_tag?post=18202"}],"curies":[{"name":"wp","href":"https:\/\/api.w.org\/{rel}","templated":true}]}}